{"id":1561,"date":"2023-03-16T11:38:12","date_gmt":"2023-03-16T10:38:12","guid":{"rendered":"https:\/\/strenia.si\/startseite\/"},"modified":"2023-03-16T11:38:16","modified_gmt":"2023-03-16T10:38:16","slug":"startseite","status":"publish","type":"page","link":"https:\/\/strenia.si\/de\/","title":{"rendered":"Startseite"},"content":{"rendered":"<div   class='avia-fullscreen-slider main_color   avia-builder-el-0  el_before_av_section  avia-builder-el-first  container_wrap fullsize'  >\n<style type=\"text\/css\" data-created_by=\"avia_inline_auto\" id=\"style-css-av-2r745-3559b18b3a971039f52ca8186a148679\">\n#top #wrap_all .avia-slideshow .av-slideshow-caption.av-2r745-3559b18b3a971039f52ca8186a148679__0 .avia-caption-title{\nfont-size:42px;\n}\n#top .avia-slideshow .av-slideshow-caption.av-2r745-3559b18b3a971039f52ca8186a148679__0 .avia-caption-content{\nfont-size:22px;\n}\n#top .avia-slideshow .av-slideshow-caption.av-2r745-3559b18b3a971039f52ca8186a148679__0 .avia-caption-content p{\nfont-size:22px;\n}\n<\/style>\n<div  class='avia-slideshow av-2r745-3559b18b3a971039f52ca8186a148679 av-control-hidden avia-slideshow-large av_fullscreen avia-fade-slider av-default-height-applied   avia-slideshow-1'  data-size='large'  data-lightbox_size='large'  data-animation='fade'  data-conditional_play=''  data-ids='703,702,1140,1141,1142,1143,1144,1145,1146,1147,1148'  data-video_counter='0'  data-autoplay='true'  data-bg_slider='true'  data-slide_height='100'  data-handle='av_fullscreen'  data-interval='5'  data-class=''  data-extra_class=' '  data-el_id=''  data-css_id='fullscreen_slider_1'  data-scroll_down=''  data-control_layout='av-control-hidden'  data-custom_markup=''  data-perma_caption='aviaTBperma_caption'  data-autoplay_stopper=''  data-image_attachment='scroll'  data-min_height='0px'  data-lazy_loading='disabled'  data-default-height='61.191626409018'  data-img_scrset=''  data-av-desktop-hide=''  data-av-medium-hide=''  data-av-small-hide=''  data-av-mini-hide=''  data-id=''  data-custom_class=''  data-template_class=''  data-av_uid='av-2r745'  data-sc_version='1.0'  data-stretch=''  data-heading_tag=''  data-heading_class=''  data-caption_override='&lt;div class=&#039;av-slideshow-caption av-2r745-3559b18b3a971039f52ca8186a148679__0 caption_fullwidth caption_center&#039;&gt;&lt;div class=&quot;container caption_container&quot;&gt;&lt;div class=&quot;slideshow_caption&quot;&gt;&lt;div class=&quot;slideshow_inner_caption&quot;&gt;&lt;div class=&quot;slideshow_align_caption&quot;&gt;&lt;h2 class=&#039;avia-caption-title &#039;  itemprop=&quot;name&quot; &gt;UNSERE MISSION UND LEIDENSCHAFT IST DER MASCHINENBAU \u2013 DIE HERSTELLUNG KOMPLEXER MASCHINENKOMPONENTEN&lt;\/h2&gt;&lt;div class=&#039;avia-caption-content &#039;  itemprop=&quot;description&quot; &gt;&lt;p&gt;Seit mehr als 70 Jahren stellen wir anspruchsvolle Maschinen und Komponenten f\u00fcr die F\u00f6rderung und Verarbeitung von verschiedenen Mineralien und andere Industrieanlagen her.&lt;\/p&gt;\n&lt;\/div&gt;&lt;a href=&#039;https:\/\/strenia.si\/reference\/&#039;  class=&#039;avia-slideshow-button avia-button avia-color-theme-color avia-multi-slideshow-button&#039; data-duration=&#039;800&#039; data-easing=&#039;easeInOutQuad&#039;&gt;Referenzen&lt;\/a&gt;&lt;a href=&#039;https:\/\/strenia.si\/o-nas\/&#039;  class=&#039;avia-slideshow-button avia-button avia-color-light avia-multi-slideshow-button avia-slideshow-button-2&#039; data-duration=&#039;800&#039; data-easing=&#039;easeInOutQuad&#039;&gt;\u00dcber uns&lt;\/a&gt;&lt;\/div&gt;&lt;\/div&gt;&lt;\/div&gt;&lt;\/div&gt;&lt;\/div&gt;'   itemprop=\"image\" itemscope=\"itemscope\" itemtype=\"https:\/\/schema.org\/ImageObject\" ><ul class='avia-slideshow-inner ' style='padding-bottom: 61.191626409018%;'><li style='background-position:center center;' data-img-url='https:\/\/strenia.si\/wp-content\/uploads\/2022\/06\/podloga-1.png' class='avia-slideshow-slide av-2r745-3559b18b3a971039f52ca8186a148679__0  slide-1 ' ><div data-rel='slideshow-1' class='avia-slide-wrap '   ><div class='av-section-color-overlay' style='opacity: 0.5; background-color: #0a0a0a; '><\/div><\/div><\/li><li style='background-position:center center;' data-img-url='https:\/\/strenia.si\/wp-content\/uploads\/2022\/06\/podloga-2-1.png' class='avia-slideshow-slide av-2r745-3559b18b3a971039f52ca8186a148679__1  slide-2 ' ><div data-rel='slideshow-1' class='avia-slide-wrap '   ><div class='av-section-color-overlay' style='opacity: 0.5; background-color: #0a0a0a; '><\/div><\/div><\/li><li style='background-position:center center;' data-img-url='https:\/\/strenia.si\/wp-content\/uploads\/2022\/09\/Drobilec_03-1030x609.jpg' class='avia-slideshow-slide av-2r745-3559b18b3a971039f52ca8186a148679__2  slide-3 ' ><div data-rel='slideshow-1' class='avia-slide-wrap '   ><div class='av-section-color-overlay' style='opacity: 0.5; background-color: #0a0a0a; '><\/div><\/div><\/li><li style='background-position:center center;' data-img-url='https:\/\/strenia.si\/wp-content\/uploads\/2022\/09\/Industrija_01-1030x609.jpg' class='avia-slideshow-slide av-2r745-3559b18b3a971039f52ca8186a148679__3  slide-4 ' ><div data-rel='slideshow-1' class='avia-slide-wrap '   ><div class='av-section-color-overlay' style='opacity: 0.5; background-color: #0a0a0a; '><\/div><\/div><\/li><li style='background-position:center center;' data-img-url='https:\/\/strenia.si\/wp-content\/uploads\/2022\/09\/Ostale-komponente_02-1030x609.jpg' class='avia-slideshow-slide av-2r745-3559b18b3a971039f52ca8186a148679__4  slide-5 ' ><div data-rel='slideshow-1' class='avia-slide-wrap '   ><div class='av-section-color-overlay' style='opacity: 0.5; background-color: #0a0a0a; '><\/div><\/div><\/li><li style='background-position:center center;' data-img-url='https:\/\/strenia.si\/wp-content\/uploads\/2022\/09\/Podvozje_01-1030x609.jpg' class='avia-slideshow-slide av-2r745-3559b18b3a971039f52ca8186a148679__5  slide-6 ' ><div data-rel='slideshow-1' class='avia-slide-wrap '   ><div class='av-section-color-overlay' style='opacity: 0.5; background-color: #0a0a0a; '><\/div><\/div><\/li><li style='background-position:center center;' data-img-url='https:\/\/strenia.si\/wp-content\/uploads\/2022\/09\/Podvozje_04-1030x609.jpg' class='avia-slideshow-slide av-2r745-3559b18b3a971039f52ca8186a148679__6  slide-7 ' ><div data-rel='slideshow-1' class='avia-slide-wrap '   ><div class='av-section-color-overlay' style='opacity: 0.5; background-color: #0a0a0a; '><\/div><\/div><\/li><li style='background-position:center center;' data-img-url='https:\/\/strenia.si\/wp-content\/uploads\/2022\/09\/Roka_01-1030x609.jpg' class='avia-slideshow-slide av-2r745-3559b18b3a971039f52ca8186a148679__7  slide-8 ' ><div data-rel='slideshow-1' class='avia-slide-wrap '   ><div class='av-section-color-overlay' style='opacity: 0.5; background-color: #0a0a0a; '><\/div><\/div><\/li><li style='background-position:center center;' data-img-url='https:\/\/strenia.si\/wp-content\/uploads\/2022\/09\/Roka_03-1030x609.jpg' class='avia-slideshow-slide av-2r745-3559b18b3a971039f52ca8186a148679__8  slide-9 ' ><div data-rel='slideshow-1' class='avia-slide-wrap '   ><div class='av-section-color-overlay' style='opacity: 0.5; background-color: #0a0a0a; '><\/div><\/div><\/li><li style='background-position:center center;' data-img-url='https:\/\/strenia.si\/wp-content\/uploads\/2022\/09\/Rotorji_02-1030x609.jpg' class='avia-slideshow-slide av-2r745-3559b18b3a971039f52ca8186a148679__9  slide-10 ' ><div data-rel='slideshow-1' class='avia-slide-wrap '   ><div class='av-section-color-overlay' style='opacity: 0.5; background-color: #0a0a0a; '><\/div><\/div><\/li><li style='background-position:center center;' data-img-url='https:\/\/strenia.si\/wp-content\/uploads\/2022\/09\/Transportne_02-1030x609.jpg' class='avia-slideshow-slide av-2r745-3559b18b3a971039f52ca8186a148679__10  slide-11 ' ><div data-rel='slideshow-1' class='avia-slide-wrap '   ><div class='av-section-color-overlay' style='opacity: 0.5; background-color: #0a0a0a; '><\/div><\/div><\/li><\/ul><div class='avia-slideshow-arrows avia-slideshow-controls' ><a href='#prev' class='prev-slide ' aria-hidden='true' data-av_icon='\ue87c' data-av_iconfont='entypo-fontello'  tabindex='-1'>Zur\u00fcck<\/a><a href='#next' class='next-slide ' aria-hidden='true' data-av_icon='\ue87d' data-av_iconfont='entypo-fontello'  tabindex='-1'>Weiter<\/a><\/div><div class='avia-slideshow-dots avia-slideshow-controls'><a href='#1' class='goto-slide active' >1<\/a><a href='#2' class='goto-slide ' >2<\/a><a href='#3' class='goto-slide ' >3<\/a><a href='#4' class='goto-slide ' >4<\/a><a href='#5' class='goto-slide ' >5<\/a><a href='#6' class='goto-slide ' >6<\/a><a href='#7' class='goto-slide ' >7<\/a><a href='#8' class='goto-slide ' >8<\/a><a href='#9' class='goto-slide ' >9<\/a><a href='#10' class='goto-slide ' >10<\/a><a href='#11' class='goto-slide ' >11<\/a><\/div><div class='av-slideshow-caption av-2r745-3559b18b3a971039f52ca8186a148679__0 caption_fullwidth caption_center'><div class=\"container caption_container\"><div class=\"slideshow_caption\"><div class=\"slideshow_inner_caption\"><div class=\"slideshow_align_caption\"><h2 class='avia-caption-title '  itemprop=\"name\" >UNSERE MISSION UND LEIDENSCHAFT IST DER MASCHINENBAU \u2013 DIE HERSTELLUNG KOMPLEXER MASCHINENKOMPONENTEN<\/h2><div class='avia-caption-content '  itemprop=\"description\" ><p>Seit mehr als 70 Jahren stellen wir anspruchsvolle Maschinen und Komponenten f\u00fcr die F\u00f6rderung und Verarbeitung von verschiedenen Mineralien und andere Industrieanlagen her.<\/p>\n<\/div><a href='https:\/\/strenia.si\/reference\/'  class='avia-slideshow-button avia-button avia-color-theme-color avia-multi-slideshow-button' data-duration='800' data-easing='easeInOutQuad'>Referenzen<\/a><a href='https:\/\/strenia.si\/o-nas\/'  class='avia-slideshow-button avia-button avia-color-light avia-multi-slideshow-button avia-slideshow-button-2' data-duration='800' data-easing='easeInOutQuad'>\u00dcber uns<\/a><\/div><\/div><\/div><\/div><\/div><\/div><\/div>\n\n<style type=\"text\/css\" data-created_by=\"avia_inline_auto\" id=\"style-css-av-l6g7wxta-4fb39b411d8921938491a9cd76733ec3\">\n.avia-section.av-l6g7wxta-4fb39b411d8921938491a9cd76733ec3{\nbackground-color:rgba(0,0,0,0.43);\nbackground-image:unset;\nmargin-top:-300px;\n}\n<\/style>\n<div id='stevilke'  class='avia-section av-l6g7wxta-4fb39b411d8921938491a9cd76733ec3 main_color avia-section-default avia-no-border-styling  avia-builder-el-1  el_after_av_fullscreen  el_before_av_one_half  av-small-hide av-mini-hide avia-bg-style-scroll container_wrap fullsize'  ><div class='container av-section-cont-open' ><div class='template-page content  av-content-full alpha units'><div class='post-entry post-entry-type-page post-entry-1561'><div class='entry-content-wrapper clearfix'>\n<div class='flex_column av-4us0x-e443cbffeccbf63853353865eb5358ed av_one_fourth  avia-builder-el-2  el_before_av_one_fourth  avia-builder-el-first  first flex_column_div '   ><div  class=\"avia-animated-number av-4ccit-fe5c9b8188f4390b76e7b7e789222ec0 av-force-default-color avia_animate_when_visible  avia-builder-el-3  avia-builder-el-no-sibling  avia-color-font-light \" data-timer=\"3000\"><strong class=\"heading avia-animated-number-title\"><span class=\"avia-single-number __av-single-number\" data-number_format=\"\" data-number=\"70\" data-start_from=\"0\">70<\/span><span class=\"avia-no-number\"> +<\/span><\/strong><div class=\"avia-animated-number-content\"><p>Jahre Tradition<\/p>\n<\/div><\/div><\/div><div class='flex_column av-3y6kh-5d99733382a783f110cd98127b5f8b87 av_one_fourth  avia-builder-el-4  el_after_av_one_fourth  el_before_av_one_fourth  flex_column_div '   ><div  class=\"avia-animated-number av-3jncd-c6163895201dd505777a63d9f9694416 av-force-default-color avia_animate_when_visible  avia-builder-el-5  avia-builder-el-no-sibling  avia-color-font-light \" data-timer=\"3000\"><strong class=\"heading avia-animated-number-title\"><span class=\"avia-single-number __av-single-number\" data-number_format=\"\" data-number=\"45\" data-start_from=\"0\">45<\/span><span class=\"avia-no-number\"> +<\/span><\/strong><div class=\"avia-animated-number-content\"><p>Mitarbeiter<\/p>\n<\/div><\/div><\/div><div class='flex_column av-9mch-cb41b587289aa02fa9421991b35f8004 av_one_fourth  avia-builder-el-6  el_after_av_one_fourth  el_before_av_one_fourth  flex_column_div '   ><div  class=\"avia-animated-number av-2ddi9-2d4e71bca18ca9d6e2d42d3af753c058 av-force-default-color avia_animate_when_visible  avia-builder-el-7  avia-builder-el-no-sibling  avia-color-font-light \" data-timer=\"3000\"><strong class=\"heading avia-animated-number-title\"><span class=\"avia-single-number __av-single-number\" data-number_format=\"\" data-number=\"3\" data-start_from=\"0\">3<\/span><\/strong><div class=\"avia-animated-number-content\"><p>Qualit\u00e4tszertifikate<\/p>\n<\/div><\/div><\/div><div class='flex_column av-1s32l-dfabdbe16e377ecc462600f4427a4ec3 av_one_fourth  avia-builder-el-8  el_after_av_one_fourth  avia-builder-el-last  flex_column_div '   ><div  class=\"avia-animated-number av-13nzd-d379814c718704c9988d41f7c688c86a av-force-default-color avia_animate_when_visible  avia-builder-el-9  avia-builder-el-no-sibling  avia-color-font-light \" data-timer=\"3000\"><strong class=\"heading avia-animated-number-title\"><span class=\"avia-single-number __av-single-number\" data-number_format=\"\" data-number=\"1500\" data-start_from=\"0\">1500<\/span><span class=\"avia-no-number\"> +<\/span><\/strong><div class=\"avia-animated-number-content\"><p>Tonnen zugeschnittenes Blech pro Jahr<\/p>\n<\/div><\/div><\/div>\n<\/div><\/div><\/div><!-- close content main div --><\/div><\/div><div id='after_section_1'  class='main_color av_default_container_wrap container_wrap fullsize'  ><div class='container av-section-cont-open' ><div class='template-page content  av-content-full alpha units'><div class='post-entry post-entry-type-page post-entry-1561'><div class='entry-content-wrapper clearfix'>\n<div class='flex_column av-1i3kx-8b8cea7cd40a40ae9708b562be8a796d av_one_half  avia-builder-el-10  el_after_av_section  el_before_av_one_half  avia-builder-el-first  first flex_column_div avia-link-column av-column-link '  data-link-column-url=\"https:\/\/strenia.si\/projekt\/\"   ><a class=\"av-screen-reader-only\" href=https:\/\/strenia.si\/projekt\/ >Link zu: Projekt<\/a><section  class='av_textblock_section av-l3ve3i60-4f088acb43062250c25e1cd70b419e12'  itemscope=\"itemscope\" itemtype=\"https:\/\/schema.org\/CreativeWork\" ><div class='avia_textblock'  itemprop=\"text\" ><p>Die Investition VOUCHER F\u00dcR DIGITALES MARKETING f\u00fcr die Erstellung der Website wurde von der Republik Slowenien und der Europ\u00e4ischen Union aus Mitteln des Europ\u00e4ischen Fonds f\u00fcr regionale Entwicklung kofinanziert.<\/p>\n<\/div><\/section><\/div>\n<div class='flex_column av-tua1-eda81185bc14cff82fc5a847445b2fbd av_one_half  avia-builder-el-12  el_after_av_one_half  avia-builder-el-last  flex_column_div avia-link-column av-column-link '  data-link-column-url=\"https:\/\/strenia.si\/projekt\/\"   ><a class=\"av-screen-reader-only\" href=https:\/\/strenia.si\/projekt\/ >Link zu: Projekt<\/a><style type=\"text\/css\" data-created_by=\"avia_inline_auto\" id=\"style-css-av-l3ve3vyq-8e6faf3424d209218b646420a28bf359\">\n.avia-image-container.av-l3ve3vyq-8e6faf3424d209218b646420a28bf359 .av-image-caption-overlay-center{\ncolor:#ffffff;\n}\n<\/style>\n<div  class='avia-image-container av-l3ve3vyq-8e6faf3424d209218b646420a28bf359 av-styling- avia-align-center  avia-builder-el-13  avia-builder-el-no-sibling '  itemprop=\"image\" itemscope=\"itemscope\" itemtype=\"https:\/\/schema.org\/ImageObject\" ><div class=\"avia-image-container-inner\"><div class=\"avia-image-overlay-wrap\"><img class='wp-image-1326 avia-img-lazy-loading-not-1326 avia_image' src=\"https:\/\/strenia.si\/wp-content\/uploads\/2022\/06\/logotipirazpis.png\" alt='' title='logotipirazpis'  height=\"100\" width=\"694\"  itemprop=\"thumbnailUrl\" srcset=\"https:\/\/strenia.si\/wp-content\/uploads\/2022\/06\/logotipirazpis.png 694w, https:\/\/strenia.si\/wp-content\/uploads\/2022\/06\/logotipirazpis-300x43.png 300w\" sizes=\"(max-width: 694px) 100vw, 694px\" \/><\/div><\/div><\/div><\/div>\n","protected":false},"excerpt":{"rendered":"","protected":false},"author":1,"featured_media":0,"parent":0,"menu_order":0,"comment_status":"open","ping_status":"open","template":"","meta":[],"_links":{"self":[{"href":"https:\/\/strenia.si\/de\/wp-json\/wp\/v2\/pages\/1561"}],"collection":[{"href":"https:\/\/strenia.si\/de\/wp-json\/wp\/v2\/pages"}],"about":[{"href":"https:\/\/strenia.si\/de\/wp-json\/wp\/v2\/types\/page"}],"author":[{"embeddable":true,"href":"https:\/\/strenia.si\/de\/wp-json\/wp\/v2\/users\/1"}],"replies":[{"embeddable":true,"href":"https:\/\/strenia.si\/de\/wp-json\/wp\/v2\/comments?post=1561"}],"version-history":[{"count":5,"href":"https:\/\/strenia.si\/de\/wp-json\/wp\/v2\/pages\/1561\/revisions"}],"predecessor-version":[{"id":1566,"href":"https:\/\/strenia.si\/de\/wp-json\/wp\/v2\/pages\/1561\/revisions\/1566"}],"wp:attachment":[{"href":"https:\/\/strenia.si\/de\/wp-json\/wp\/v2\/media?parent=1561"}],"curies":[{"name":"wp","href":"https:\/\/api.w.org\/{rel}","templated":true}]}}